{"id":9646,"date":"2024-02-12T17:34:09","date_gmt":"2024-02-12T14:34:09","guid":{"rendered":"https:\/\/aradepo.us\/?page_id=9646"},"modified":"2024-02-12T17:39:22","modified_gmt":"2024-02-12T14:39:22","slug":"gizlilik-politikasi","status":"publish","type":"page","link":"https:\/\/aradepo.us\/en\/privacy-policy\/","title":{"rendered":"Privacy Policy"},"content":{"rendered":"<div data-elementor-type=\"wp-page\" data-elementor-id=\"9646\" class=\"elementor elementor-9646\" data-elementor-post-type=\"page\">\n\t\t\t\t\t\t\t\t\t<section class=\"elementor-section elementor-top-section elementor-element elementor-element-0d2326f elementor-section-boxed elementor-section-height-default elementor-section-height-default\" data-id=\"0d2326f\" data-element_type=\"section\">\n\t\t\t\t\t\t<div class=\"elementor-container elementor-column-gap-no\">\n\t\t\t\t\t<div class=\"elementor-column elementor-col-100 elementor-top-column elementor-element elementor-element-24a70d8\" data-id=\"24a70d8\" data-element_type=\"column\">\n\t\t\t<div class=\"elementor-widget-wrap elementor-element-populated\">\n\t\t\t\t\t\t\t\t<div class=\"elementor-element elementor-element-307ab10 elementor-widget elementor-widget-heading\" data-id=\"307ab10\" data-element_type=\"widget\" data-widget_type=\"heading.default\">\n\t\t\t\t<div class=\"elementor-widget-container\">\n\t\t\t<style>\/*! elementor - v3.17.0 - 08-11-2023 *\/\n.elementor-heading-title{padding:0;margin:0;line-height:1}.elementor-widget-heading .elementor-heading-title[class*=elementor-size-]>a{color:inherit;font-size:inherit;line-height:inherit}.elementor-widget-heading .elementor-heading-title.elementor-size-small{font-size:15px}.elementor-widget-heading .elementor-heading-title.elementor-size-medium{font-size:19px}.elementor-widget-heading .elementor-heading-title.elementor-size-large{font-size:29px}.elementor-widget-heading .elementor-heading-title.elementor-size-xl{font-size:39px}.elementor-widget-heading .elementor-heading-title.elementor-size-xxl{font-size:59px}<\/style><h2 class=\"elementor-heading-title elementor-size-default\">Ara Depo Last Update: February 12, 2024<\/h2>\t\t<\/div>\n\t\t\t\t<\/div>\n\t\t\t\t\t<\/div>\n\t\t<\/div>\n\t\t\t\t\t\t\t<\/div>\n\t\t<\/section>\n\t\t\t\t<section class=\"elementor-section elementor-top-section elementor-element elementor-element-2edf404 elementor-section-boxed elementor-section-height-default elementor-section-height-default\" data-id=\"2edf404\" data-element_type=\"section\">\n\t\t\t\t\t\t<div class=\"elementor-container elementor-column-gap-no\">\n\t\t\t\t\t<div class=\"elementor-column elementor-col-100 elementor-top-column elementor-element elementor-element-70403fb\" data-id=\"70403fb\" data-element_type=\"column\">\n\t\t\t<div class=\"elementor-widget-wrap elementor-element-populated\">\n\t\t\t\t\t\t\t\t<div class=\"elementor-element elementor-element-69ec8e6 elementor-widget elementor-widget-global elementor-global-3575 elementor-widget-spacer\" data-id=\"69ec8e6\" data-element_type=\"widget\" data-e-bg-lazyload=\".elementor-widget-container\" data-widget_type=\"spacer.default\">\n\t\t\t\t<div class=\"elementor-widget-container\">\n\t\t\t<style>\/*! elementor - v3.17.0 - 08-11-2023 *\/\n.elementor-column .elementor-spacer-inner{height:var(--spacer-size)}.e-con{--container-widget-width:100%}.e-con-inner>.elementor-widget-spacer,.e-con>.elementor-widget-spacer{width:var(--container-widget-width,var(--spacer-size));--align-self:var(--container-widget-align-self,initial);--flex-shrink:0}.e-con-inner>.elementor-widget-spacer>.elementor-widget-container,.e-con>.elementor-widget-spacer>.elementor-widget-container{height:100%;width:100%}.e-con-inner>.elementor-widget-spacer>.elementor-widget-container>.elementor-spacer,.e-con>.elementor-widget-spacer>.elementor-widget-container>.elementor-spacer{height:100%}.e-con-inner>.elementor-widget-spacer>.elementor-widget-container>.elementor-spacer>.elementor-spacer-inner,.e-con>.elementor-widget-spacer>.elementor-widget-container>.elementor-spacer>.elementor-spacer-inner{height:var(--container-widget-height,var(--spacer-size))}.e-con-inner>.elementor-widget-spacer.elementor-widget-empty,.e-con>.elementor-widget-spacer.elementor-widget-empty{position:relative;min-height:22px;min-width:22px}.e-con-inner>.elementor-widget-spacer.elementor-widget-empty .elementor-widget-empty-icon,.e-con>.elementor-widget-spacer.elementor-widget-empty .elementor-widget-empty-icon{position:absolute;top:0;bottom:0;left:0;right:0;margin:auto;padding:0;width:22px;height:22px}<\/style>\t\t<div class=\"elementor-spacer\">\n\t\t\t<div class=\"elementor-spacer-inner\"><\/div>\n\t\t<\/div>\n\t\t\t\t<\/div>\n\t\t\t\t<\/div>\n\t\t\t\t\t<\/div>\n\t\t<\/div>\n\t\t\t\t\t\t\t<\/div>\n\t\t<\/section>\n\t\t<div class=\"elementor-element elementor-element-47e0979 e-flex e-con-boxed e-con e-parent\" data-id=\"47e0979\" data-element_type=\"container\" data-settings=\"{&quot;container_type&quot;:&quot;flex&quot;,&quot;content_width&quot;:&quot;boxed&quot;}\" data-core-v316-plus=\"true\">\n\t\t\t\t\t<div class=\"e-con-inner\">\n\t\t\t\t<div class=\"elementor-element elementor-element-6b8fcb4 elementor-widget elementor-widget-text-editor\" data-id=\"6b8fcb4\" data-element_type=\"widget\" data-widget_type=\"text-editor.default\">\n\t\t\t\t<div class=\"elementor-widget-container\">\n\t\t\t<style>\/*! elementor - v3.17.0 - 08-11-2023 *\/\n.elementor-widget-text-editor.elementor-drop-cap-view-stacked .elementor-drop-cap{background-color:#69727d;color:#fff}.elementor-widget-text-editor.elementor-drop-cap-view-framed .elementor-drop-cap{color:#69727d;border:3px solid;background-color:transparent}.elementor-widget-text-editor:not(.elementor-drop-cap-view-default) .elementor-drop-cap{margin-top:8px}.elementor-widget-text-editor:not(.elementor-drop-cap-view-default) .elementor-drop-cap-letter{width:1em;height:1em}.elementor-widget-text-editor .elementor-drop-cap{float:left;text-align:center;line-height:1;font-size:50px}.elementor-widget-text-editor .elementor-drop-cap-letter{display:inline-block}<\/style>\t\t\t\t<p><b>Dear Customer,<\/b><\/p><p><span style=\"font-weight: 400;\">At AraDepo, your security is important to us, and therefore the personal data you share with us is meticulously protected.<\/span><\/p><p><span style=\"font-weight: 400;\">Through this privacy and personal data protection policy, we aim to inform you about which personal data will be processed for what purposes, with whom and why these data may be shared, our data processing methods, and our legal justifications.<\/span><\/p><p><span style=\"font-weight: 400;\">Your Collected Personal Data, Collection Method, and Legal Basis Your personal data, such as your IP address and user agent information, are collected through cookies and similar technologies via automatic or non-automatic methods. Sometimes, they are obtained and processed from third parties such as analytical providers, advertising networks, search information providers, and technology providers. These data are processed within the framework of our service and contract relationship and based on the legitimate interest processing condition.<\/span><\/p><p><span style=\"font-weight: 400;\">Purpose of Processing Your Personal Data The personal data you provide are used only for analysis purposes, to offer our services in the best possible way, to provide you with access to our services and maximize benefits, to develop our services according to your needs, and to bring you together with wider service providers within the legal framework. Additionally, they are also used to fulfill legal obligations.<\/span><\/p><p><span style=\"font-weight: 400;\">To Whom and for What Purposes Your Collected Personal Data May Be Transferred Your shared personal data may be transferred to third parties, institutions, and organizations domestically and internationally, and to judicial and administrative authorities upon request if necessary technical and administrative measures are taken.<\/span><\/p><p><span style=\"font-weight: 400;\">Under Article 11 of the KVKK, everyone as the data subject whose personal data are processed can exercise the following rights by applying to the data controller:<\/span><\/p><ul><li style=\"font-weight: 400;\" aria-level=\"1\"><span style=\"font-weight: 400;\">Learning whether personal data have been processed<\/span><\/li><li style=\"font-weight: 400;\" aria-level=\"1\"><span style=\"font-weight: 400;\">Requesting information if personal data have been processed,<\/span><\/li><li style=\"font-weight: 400;\" aria-level=\"1\"><span style=\"font-weight: 400;\">Learning the purpose of processing personal data and whether they are used in accordance with their purpose,<\/span><\/li><li style=\"font-weight: 400;\" aria-level=\"1\"><span style=\"font-weight: 400;\">Knowing the third parties to whom personal data have been transferred domestically or abroad,<\/span><\/li><li style=\"font-weight: 400;\" aria-level=\"1\"><span style=\"font-weight: 400;\">Requesting correction of personal data in case of incomplete or incorrect processing,<\/span><\/li><li style=\"font-weight: 400;\" aria-level=\"1\"><span style=\"font-weight: 400;\">Requesting the deletion or destruction of personal data,<\/span><\/li><li style=\"font-weight: 400;\" aria-level=\"1\"><span style=\"font-weight: 400;\">Requesting notification of the correction, deletion, or destruction processes to third parties to whom personal data have been transferred,<\/span><\/li><li style=\"font-weight: 400;\" aria-level=\"1\"><span style=\"font-weight: 400;\">Objecting to the emergence of a result against the person by analyzing the processed data exclusively through automated systems,<\/span><\/li><li style=\"font-weight: 400;\" aria-level=\"1\"><span style=\"font-weight: 400;\">Requesting the compensation of damages in case of suffering damages due to the unlawful processing of personal data.<\/span><\/li><\/ul><p><span style=\"font-weight: 400;\">To exercise your above-mentioned rights, <a href=\"mailto:iletisim@aradepo.us\">&nbsp;<\/a> please contact us via the email address contact@aradepo.us.<\/span><\/p><p><b>Contact Us\u00a0<\/b><\/p><p><span style=\"font-weight: 400;\">It is entirely up to you to accept or reject the processing of only the necessary personal data in order to conduct analyses and provide you with services. Your continued use of the site will imply that you accept this policy.\u00a0<\/span><\/p><p><span style=\"font-weight: 400;\">For more information, please feel free to contact us at contact@aradepo.us <a href=\"mailto:iletisim@aradepo.us\">&nbsp;<\/a> &nbsp;<\/span><\/p>\t\t\t\t\t\t<\/div>\n\t\t\t\t<\/div>\n\t\t\t\t\t<\/div>\n\t\t\t\t<\/div>\n\t\t\t\t\t\t\t<\/div>","protected":false},"excerpt":{"rendered":"<p>Amerika&#8217;daki Yenilik\u00e7i Depolama ve Fulfillment \u00c7\u00f6z\u00fcm Orta\u011f\u0131n\u0131z<\/p>","protected":false},"author":1,"featured_media":6704,"parent":0,"menu_order":0,"comment_status":"closed","ping_status":"closed","template":"","meta":{"footnotes":""},"class_list":["post-9646","page","type-page","status-publish","has-post-thumbnail","hentry"],"_links":{"self":[{"href":"https:\/\/aradepo.us\/en\/wp-json\/wp\/v2\/pages\/9646","targetHints":{"allow":["GET"]}}],"collection":[{"href":"https:\/\/aradepo.us\/en\/wp-json\/wp\/v2\/pages"}],"about":[{"href":"https:\/\/aradepo.us\/en\/wp-json\/wp\/v2\/types\/page"}],"author":[{"embeddable":true,"href":"https:\/\/aradepo.us\/en\/wp-json\/wp\/v2\/users\/1"}],"replies":[{"embeddable":true,"href":"https:\/\/aradepo.us\/en\/wp-json\/wp\/v2\/comments?post=9646"}],"version-history":[{"count":7,"href":"https:\/\/aradepo.us\/en\/wp-json\/wp\/v2\/pages\/9646\/revisions"}],"predecessor-version":[{"id":9660,"href":"https:\/\/aradepo.us\/en\/wp-json\/wp\/v2\/pages\/9646\/revisions\/9660"}],"wp:featuredmedia":[{"embeddable":true,"href":"https:\/\/aradepo.us\/en\/wp-json\/"}],"wp:attachment":[{"href":"https:\/\/aradepo.us\/en\/wp-json\/wp\/v2\/media?parent=9646"}],"curies":[{"name":"wp","href":"https:\/\/api.w.org\/{rel}","templated":true}]}}